{"id":1657,"date":"2023-05-05T23:41:13","date_gmt":"2023-05-05T23:41:13","guid":{"rendered":"https:\/\/sandeco.com.tr\/?page_id=1657"},"modified":"2024-01-23T08:38:04","modified_gmt":"2024-01-23T08:38:04","slug":"dealership-concept","status":"publish","type":"page","link":"https:\/\/sandeco.com.tr\/en\/dealership-concept\/","title":{"rendered":"Dealership Concept"},"content":{"rendered":"\n<router class=\"media-kit-page\"><\/router>\n\n\n<nav id=\"breadcrumb\" class=\"breadcrumb-container\" aria-label=\"breadcrumb\">\n    <ol class=\"breadcrumb mb-0\">\n        <li class=\"breadcrumb-item\"><a href=\"https:\/\/sandeco.com.tr\/en\/\" target=\"_self\">Home<\/a><\/li>\n        <li class=\"breadcrumb-item active\" aria-current=\"page\">Dealership Concept<\/li>\n    <\/ol>\n<\/nav>\n\n<section id=\"media-kit-area\" class=\"position-relative\">\n    <div class=\"container\">\n        <div class=\"media-kit-list row\">\n\t\t\t<div class=\"col-lg-3\">\n\t\t\t\t\n\t\t\t<\/div>\n            <div class=\"col-lg-6 col-space\" data-aos=\"fade-top\">\n                <a href=\"https:\/\/sandeco.com.tr\/wp-content\/uploads\/2023\/06\/Sandeco_Concept_Design_English.pdf\" target=\"_blank\" class=\"media-kit-list-item\">\n                    <div class=\"media-kit-logo\">\n                        <img decoding=\"async\" src=\"https:\/\/sandeco.com.tr\/wp-content\/uploads\/2023\/05\/logo.jpg\" class=\"img-fluid\" alt=\"Sandeco \u0130ndirilebilir \u0130\u00e7erik\" draggable=\"false\" \/>\n                    <\/div>\n                    <div class=\"media-kit-download\">\n                        <div class=\"download-btn btn-detail\">EXPLORE                            <img decoding=\"async\" src=\"https:\/\/sandeco.com.tr\/wp-content\/themes\/mbcsandeco\/assets\/images\/white-next.png\" alt=\"Sandeco Download\" draggable=\"false\" \/>\n                        <\/div>\n                        <div class=\"download-desc\">\n                            <p>San Deco\u00ae Dealership <br \/>\r\n<span> Concept<\/span><\/p>\n                        <\/div>\n                    <\/div>\n                <\/a>\n            <\/div>\n\t\t\t<div class=\"col-lg-3\">\n\t\t\t\t\n\t\t\t<\/div>\n        <\/div>\n    <\/div>\n<\/section>\n<section id=\"dealer-application-form\" class=\"contact-form\">\n    <div class=\"container\">\n        <div class=\"global-form\">\n            <div class=\"form-title aos-init aos-animate\" data-aos=\"fade-bottom\">\n                <h3>San Deco\u00ae Dealership <br \/>\r\n<span> Concept<\/span><\/h3>\n            <\/div>\n            <div class=\"form-area aos-init aos-animate\" data-aos=\"fade-bottom\">\n\t\t\t\t[contact-form-7 id=&#8221;3733&#8243; title=&#8221;Dealership Application Form&#8221; html_id=&#8221;dealers-form&#8221; html_class=&#8221;form&#8221; html_action=&#8221;dealers&#8221;]            <\/div>\n        <\/div>\n    <\/div>\n<\/section>\n\n","protected":false},"excerpt":{"rendered":"","protected":false},"author":4,"featured_media":0,"parent":0,"menu_order":0,"comment_status":"closed","ping_status":"closed","template":"","meta":{"footnotes":""},"class_list":["post-1657","page","type-page","status-publish","hentry"],"acf":[],"yoast_head":"<!-- This site is optimized with the Yoast SEO plugin v26.9 - https:\/\/yoast.com\/product\/yoast-seo-wordpress\/ -->\n<title>Dealership Concept |<\/title>\n<meta name=\"description\" content=\"Inspiring decorative paint types at San Deco! Click now to get detailed information about wall paint colors, interior and exterior products...\" \/>\n<meta name=\"robots\" content=\"index, follow, max-snippet:-1, max-image-preview:large, max-video-preview:-1\" \/>\n<link rel=\"canonical\" href=\"https:\/\/sandeco.com.tr\/en\/dealership-concept\/\" \/>\n<meta property=\"og:locale\" content=\"en_US\" \/>\n<meta property=\"og:type\" content=\"article\" \/>\n<meta property=\"og:title\" content=\"Dealership Concept |\" \/>\n<meta property=\"og:description\" content=\"Inspiring decorative paint types at San Deco! Click now to get detailed information about wall paint colors, interior and exterior products...\" \/>\n<meta property=\"og:url\" content=\"https:\/\/sandeco.com.tr\/en\/dealership-concept\/\" \/>\n<meta property=\"article:publisher\" content=\"https:\/\/www.facebook.com\/SandecoOfficial\" \/>\n<meta property=\"article:modified_time\" content=\"2024-01-23T08:38:04+00:00\" \/>\n<meta name=\"twitter:card\" content=\"summary_large_image\" \/>\n<meta name=\"twitter:site\" content=\"@SandecoOfficial\" \/>\n<script type=\"application\/ld+json\" class=\"yoast-schema-graph\">{\"@context\":\"https:\/\/schema.org\",\"@graph\":[{\"@type\":\"WebPage\",\"@id\":\"https:\/\/sandeco.com.tr\/en\/dealership-concept\/\",\"url\":\"https:\/\/sandeco.com.tr\/en\/dealership-concept\/\",\"name\":\"Dealership Concept |\",\"isPartOf\":{\"@id\":\"https:\/\/sandeco.com.tr\/#website\"},\"datePublished\":\"2023-05-05T23:41:13+00:00\",\"dateModified\":\"2024-01-23T08:38:04+00:00\",\"description\":\"Inspiring decorative paint types at San Deco! Click now to get detailed information about wall paint colors, interior and exterior products...\",\"breadcrumb\":{\"@id\":\"https:\/\/sandeco.com.tr\/en\/dealership-concept\/#breadcrumb\"},\"inLanguage\":\"en-US\",\"potentialAction\":[{\"@type\":\"ReadAction\",\"target\":[\"https:\/\/sandeco.com.tr\/en\/dealership-concept\/\"]}]},{\"@type\":\"BreadcrumbList\",\"@id\":\"https:\/\/sandeco.com.tr\/en\/dealership-concept\/#breadcrumb\",\"itemListElement\":[{\"@type\":\"ListItem\",\"position\":1,\"name\":\"Anasayfa\",\"item\":\"https:\/\/sandeco.com.tr\/en\/\"},{\"@type\":\"ListItem\",\"position\":2,\"name\":\"Dealership Concept\"}]},{\"@type\":\"WebSite\",\"@id\":\"https:\/\/sandeco.com.tr\/#website\",\"url\":\"https:\/\/sandeco.com.tr\/\",\"name\":\"Sandeco\",\"description\":\"\",\"publisher\":{\"@id\":\"https:\/\/sandeco.com.tr\/#organization\"},\"potentialAction\":[{\"@type\":\"SearchAction\",\"target\":{\"@type\":\"EntryPoint\",\"urlTemplate\":\"https:\/\/sandeco.com.tr\/?s={search_term_string}\"},\"query-input\":{\"@type\":\"PropertyValueSpecification\",\"valueRequired\":true,\"valueName\":\"search_term_string\"}}],\"inLanguage\":\"en-US\"},{\"@type\":\"Organization\",\"@id\":\"https:\/\/sandeco.com.tr\/#organization\",\"name\":\"Sandeco\",\"url\":\"https:\/\/sandeco.com.tr\/\",\"logo\":{\"@type\":\"ImageObject\",\"inLanguage\":\"en-US\",\"@id\":\"https:\/\/sandeco.com.tr\/#\/schema\/logo\/image\/\",\"url\":\"https:\/\/sandeco.com.tr\/wp-content\/uploads\/2023\/05\/logo.jpg\",\"contentUrl\":\"https:\/\/sandeco.com.tr\/wp-content\/uploads\/2023\/05\/logo.jpg\",\"width\":408,\"height\":186,\"caption\":\"Sandeco\"},\"image\":{\"@id\":\"https:\/\/sandeco.com.tr\/#\/schema\/logo\/image\/\"},\"sameAs\":[\"https:\/\/www.facebook.com\/SandecoOfficial\",\"https:\/\/x.com\/SandecoOfficial\",\"https:\/\/www.instagram.com\/sandecoofficial\/\",\"https:\/\/www.youtube.com\/channel\/UC6shcA6HaYvcnjAcEzClRkA\",\"https:\/\/www.linkedin.com\/company\/deka-boya-sanayi-ve-ticaret-a-s\/\",\"https:\/\/pinterest.com\/sandecoofficial\/\"]}]}<\/script>\n<!-- \/ Yoast SEO plugin. -->","yoast_head_json":{"title":"Dealership Concept |","description":"Inspiring decorative paint types at San Deco! Click now to get detailed information about wall paint colors, interior and exterior products...","robots":{"index":"index","follow":"follow","max-snippet":"max-snippet:-1","max-image-preview":"max-image-preview:large","max-video-preview":"max-video-preview:-1"},"canonical":"https:\/\/sandeco.com.tr\/en\/dealership-concept\/","og_locale":"en_US","og_type":"article","og_title":"Dealership Concept |","og_description":"Inspiring decorative paint types at San Deco! Click now to get detailed information about wall paint colors, interior and exterior products...","og_url":"https:\/\/sandeco.com.tr\/en\/dealership-concept\/","article_publisher":"https:\/\/www.facebook.com\/SandecoOfficial","article_modified_time":"2024-01-23T08:38:04+00:00","twitter_card":"summary_large_image","twitter_site":"@SandecoOfficial","schema":{"@context":"https:\/\/schema.org","@graph":[{"@type":"WebPage","@id":"https:\/\/sandeco.com.tr\/en\/dealership-concept\/","url":"https:\/\/sandeco.com.tr\/en\/dealership-concept\/","name":"Dealership Concept |","isPartOf":{"@id":"https:\/\/sandeco.com.tr\/#website"},"datePublished":"2023-05-05T23:41:13+00:00","dateModified":"2024-01-23T08:38:04+00:00","description":"Inspiring decorative paint types at San Deco! Click now to get detailed information about wall paint colors, interior and exterior products...","breadcrumb":{"@id":"https:\/\/sandeco.com.tr\/en\/dealership-concept\/#breadcrumb"},"inLanguage":"en-US","potentialAction":[{"@type":"ReadAction","target":["https:\/\/sandeco.com.tr\/en\/dealership-concept\/"]}]},{"@type":"BreadcrumbList","@id":"https:\/\/sandeco.com.tr\/en\/dealership-concept\/#breadcrumb","itemListElement":[{"@type":"ListItem","position":1,"name":"Anasayfa","item":"https:\/\/sandeco.com.tr\/en\/"},{"@type":"ListItem","position":2,"name":"Dealership Concept"}]},{"@type":"WebSite","@id":"https:\/\/sandeco.com.tr\/#website","url":"https:\/\/sandeco.com.tr\/","name":"Sandeco","description":"","publisher":{"@id":"https:\/\/sandeco.com.tr\/#organization"},"potentialAction":[{"@type":"SearchAction","target":{"@type":"EntryPoint","urlTemplate":"https:\/\/sandeco.com.tr\/?s={search_term_string}"},"query-input":{"@type":"PropertyValueSpecification","valueRequired":true,"valueName":"search_term_string"}}],"inLanguage":"en-US"},{"@type":"Organization","@id":"https:\/\/sandeco.com.tr\/#organization","name":"Sandeco","url":"https:\/\/sandeco.com.tr\/","logo":{"@type":"ImageObject","inLanguage":"en-US","@id":"https:\/\/sandeco.com.tr\/#\/schema\/logo\/image\/","url":"https:\/\/sandeco.com.tr\/wp-content\/uploads\/2023\/05\/logo.jpg","contentUrl":"https:\/\/sandeco.com.tr\/wp-content\/uploads\/2023\/05\/logo.jpg","width":408,"height":186,"caption":"Sandeco"},"image":{"@id":"https:\/\/sandeco.com.tr\/#\/schema\/logo\/image\/"},"sameAs":["https:\/\/www.facebook.com\/SandecoOfficial","https:\/\/x.com\/SandecoOfficial","https:\/\/www.instagram.com\/sandecoofficial\/","https:\/\/www.youtube.com\/channel\/UC6shcA6HaYvcnjAcEzClRkA","https:\/\/www.linkedin.com\/company\/deka-boya-sanayi-ve-ticaret-a-s\/","https:\/\/pinterest.com\/sandecoofficial\/"]}]}},"_links":{"self":[{"href":"https:\/\/sandeco.com.tr\/en\/wp-json\/wp\/v2\/pages\/1657","targetHints":{"allow":["GET"]}}],"collection":[{"href":"https:\/\/sandeco.com.tr\/en\/wp-json\/wp\/v2\/pages"}],"about":[{"href":"https:\/\/sandeco.com.tr\/en\/wp-json\/wp\/v2\/types\/page"}],"author":[{"embeddable":true,"href":"https:\/\/sandeco.com.tr\/en\/wp-json\/wp\/v2\/users\/4"}],"replies":[{"embeddable":true,"href":"https:\/\/sandeco.com.tr\/en\/wp-json\/wp\/v2\/comments?post=1657"}],"version-history":[{"count":9,"href":"https:\/\/sandeco.com.tr\/en\/wp-json\/wp\/v2\/pages\/1657\/revisions"}],"predecessor-version":[{"id":5689,"href":"https:\/\/sandeco.com.tr\/en\/wp-json\/wp\/v2\/pages\/1657\/revisions\/5689"}],"wp:attachment":[{"href":"https:\/\/sandeco.com.tr\/en\/wp-json\/wp\/v2\/media?parent=1657"}],"curies":[{"name":"wp","href":"https:\/\/api.w.org\/{rel}","templated":true}]}}